{"id":10,"date":"2025-07-29T15:11:47","date_gmt":"2025-07-29T13:11:47","guid":{"rendered":"https:\/\/www.murlasits.co.at\/www\/?page_id=10"},"modified":"2025-12-06T17:24:25","modified_gmt":"2025-12-06T16:24:25","slug":"impressum","status":"publish","type":"page","link":"https:\/\/www.murlasits.co.at\/www\/impressum\/","title":{"rendered":"Impressum"},"content":{"rendered":"\n<h1>\n\t\t\tImpressum\t<\/h1>\n\tTextilreinigung\u00a0 Murlasits GmbH<br \/>\nReininghausstra\u00dfe 62<br \/>\n8020 Graz<br \/>\nSteiermark, \u00d6sterreich<br \/>\nATU72348907, FN 473782p\nGesch\u00e4ftsf\u00fchrerin: Manuela Murlasits<br \/>\nTel: 0316 572 777 &#8211; 700<br \/>\n<a href=\"mailto:info@murlasits.co.at\">info@murlasits.co.at<\/a>\n<p>Gestaltung: <a href=\"https:\/\/www.voipsonic.at\" target=\"_blank\" rel=\"noreferrer noopener\">sonic solution e.U.<\/a><\/p>\nBildnachweis:<br \/>\nHolzerdesign &#8211; Fotolia\/Adobe Stock\/Pixabay\/Shutterstock<br \/>\npixabay.com<br \/>\n<a href=\"https:\/\/unsplash.com\/photos\/XUKlZI28eHA?utm_source=jimdo_dolphin&amp;utm_medium=referral\" target=\"_blank\" rel=\"noreferrer noopener\">Sardar Faizan<\/a>\u00a0on\u00a0<a href=\"https:\/\/unsplash.com\/?utm_source=jimdo_dolphin&amp;utm_medium=referral\" target=\"_blank\" rel=\"noreferrer noopener\">Unsplash<\/a><br \/>\nTextilreinigung Murlasits GmbH\n\n","protected":false},"excerpt":{"rendered":"<p>Impressum Textilreinigung\u00a0 Murlasits GmbH Reininghausstra\u00dfe 62 8020 Graz Steiermark, \u00d6sterreich ATU72348907, FN 473782p Gesch\u00e4ftsf\u00fchrerin: Manuela Murlasits Tel: 0316 572 777 &#8211; 700 info@murlasits.co.at Gestaltung: sonic solution e.U. Bildnachweis: Holzerdesign &#8211; Fotolia\/Adobe Stock\/Pixabay\/Shutterstock pixabay.com Sardar Faizan\u00a0on\u00a0Unsplash Textilreinigung Murlasits GmbH<\/p>\n","protected":false},"author":1,"featured_media":0,"parent":0,"menu_order":0,"comment_status":"closed","ping_status":"closed","template":"","meta":{"footnotes":""},"class_list":["post-10","page","type-page","status-publish","hentry"],"_links":{"self":[{"href":"https:\/\/www.murlasits.co.at\/www\/wp-json\/wp\/v2\/pages\/10","targetHints":{"allow":["GET"]}}],"collection":[{"href":"https:\/\/www.murlasits.co.at\/www\/wp-json\/wp\/v2\/pages"}],"about":[{"href":"https:\/\/www.murlasits.co.at\/www\/wp-json\/wp\/v2\/types\/page"}],"author":[{"embeddable":true,"href":"https:\/\/www.murlasits.co.at\/www\/wp-json\/wp\/v2\/users\/1"}],"replies":[{"embeddable":true,"href":"https:\/\/www.murlasits.co.at\/www\/wp-json\/wp\/v2\/comments?post=10"}],"version-history":[{"count":4,"href":"https:\/\/www.murlasits.co.at\/www\/wp-json\/wp\/v2\/pages\/10\/revisions"}],"predecessor-version":[{"id":646,"href":"https:\/\/www.murlasits.co.at\/www\/wp-json\/wp\/v2\/pages\/10\/revisions\/646"}],"wp:attachment":[{"href":"https:\/\/www.murlasits.co.at\/www\/wp-json\/wp\/v2\/media?parent=10"}],"curies":[{"name":"wp","href":"https:\/\/api.w.org\/{rel}","templated":true}]}}