{"id":137,"date":"2025-07-30T14:55:39","date_gmt":"2025-07-30T12:55:39","guid":{"rendered":"https:\/\/www.murlasits.co.at\/www\/?page_id=137"},"modified":"2025-08-09T17:53:06","modified_gmt":"2025-08-09T15:53:06","slug":"waescherei","status":"publish","type":"page","link":"https:\/\/www.murlasits.co.at\/www\/waescherei\/","title":{"rendered":"W\u00e4scherei"},"content":{"rendered":"\n<h2>\n\t\t\tBlusen &#038; Hemden\t<\/h2>\n<h3>\n\t\t\tsauber und gepflegt zum Gesch\u00e4ftstermin\t<\/h3>\n\t\t\t\t<img decoding=\"async\" src=\"https:\/\/www.murlasits.co.at\/www\/wp-content\/uploads\/2025\/07\/Waescherei-1.-Bild.png\" alt=\"W\u00e4scherei\" itemprop=\"image\" title=\"W\u00e4scherei 1. Bild\" onerror=\"this.style.display='none'\" loading=\"lazy\" \/>\n\t\t\t\t<img decoding=\"async\" src=\"https:\/\/www.murlasits.co.at\/www\/wp-content\/uploads\/2025\/07\/Waescherei-2.-Bild-Heimtextilien.png\" alt=\"W\u00e4scherei Heimtextilien\" itemprop=\"image\" height=\"615\" width=\"1920\" title=\"W\u00e4scherei 2. Bild Heimtextilien\" onerror=\"this.style.display='none'\" loading=\"lazy\" \/>\n<h2>\n\t\t\tHeimtextilien\t<\/h2>\n<h3>\n\t\t\tsaubere Bettw\u00e4sche, saubere Vorh\u00e4nge &#8211; damit Ihr Alltag entspannter ist&#8230;.\t<\/h3>\n<h2>\n\t\t\tGastroservice\t<\/h2>\n<h3>\n\t\t\tf\u00fcr jeden Anlass bl\u00fctenreine W\u00e4sche\t<\/h3>\n\t\t\t\t<img decoding=\"async\" src=\"https:\/\/www.murlasits.co.at\/www\/wp-content\/uploads\/2025\/07\/Waescherei-3.-Bild-Gastroservice.png\" alt=\"W\u00e4scherei Gastroservice\" itemprop=\"image\" height=\"533\" width=\"1920\" title=\"W\u00e4scherei 3. Bild Gastroservice\" onerror=\"this.style.display='none'\" loading=\"lazy\" \/>\n\t\t\t\t<img decoding=\"async\" src=\"https:\/\/www.murlasits.co.at\/www\/wp-content\/uploads\/2025\/07\/Waescherei-4.-Bild-Berufs-Arbeitskleidung.png\" alt=\"W\u00e4scherei Berufs- &amp; Arbeitskleidung\" itemprop=\"image\" title=\"W\u00e4scherei 4. Bild Berufs- &amp; Arbeitskleidung\" onerror=\"this.style.display='none'\" loading=\"lazy\" \/>\n<h2>\n\t\t\tBerufs- &#038; Arbeitskleidung\t<\/h2>\n<h3>\n\t\t\tweil Ihre Arbeit saubere Kleidung verdient\t<\/h3>\n<h2>\n\t\t\tHaben Sie Fragen?\t<\/h2>\n<h3>\n\t\t\tGerne beraten wir Sie kostenlos &#038; unverbindlich\t<\/h3>\n\t\t\t<a href=\"https:\/\/www.murlasits.co.at\/www\/kontakt\/\" target=\"_self\">\n\t\t\t\t\t\tJetzt Anfragen\n\t\t\t\t\t<\/a>\n\n","protected":false},"excerpt":{"rendered":"<p>Blusen &#038; Hemden sauber und gepflegt zum Gesch\u00e4ftstermin Heimtextilien saubere Bettw\u00e4sche, saubere Vorh\u00e4nge &#8211; damit Ihr Alltag entspannter ist&#8230;. Gastroservice f\u00fcr jeden Anlass bl\u00fctenreine W\u00e4sche Berufs- &#038; Arbeitskleidung weil Ihre Arbeit saubere Kleidung verdient Haben Sie Fragen? Gerne beraten wir Sie kostenlos &#038; unverbindlich Jetzt Anfragen<\/p>\n","protected":false},"author":2,"featured_media":0,"parent":0,"menu_order":0,"comment_status":"closed","ping_status":"closed","template":"","meta":{"footnotes":""},"class_list":["post-137","page","type-page","status-publish","hentry"],"_links":{"self":[{"href":"https:\/\/www.murlasits.co.at\/www\/wp-json\/wp\/v2\/pages\/137","targetHints":{"allow":["GET"]}}],"collection":[{"href":"https:\/\/www.murlasits.co.at\/www\/wp-json\/wp\/v2\/pages"}],"about":[{"href":"https:\/\/www.murlasits.co.at\/www\/wp-json\/wp\/v2\/types\/page"}],"author":[{"embeddable":true,"href":"https:\/\/www.murlasits.co.at\/www\/wp-json\/wp\/v2\/users\/2"}],"replies":[{"embeddable":true,"href":"https:\/\/www.murlasits.co.at\/www\/wp-json\/wp\/v2\/comments?post=137"}],"version-history":[{"count":11,"href":"https:\/\/www.murlasits.co.at\/www\/wp-json\/wp\/v2\/pages\/137\/revisions"}],"predecessor-version":[{"id":396,"href":"https:\/\/www.murlasits.co.at\/www\/wp-json\/wp\/v2\/pages\/137\/revisions\/396"}],"wp:attachment":[{"href":"https:\/\/www.murlasits.co.at\/www\/wp-json\/wp\/v2\/media?parent=137"}],"curies":[{"name":"wp","href":"https:\/\/api.w.org\/{rel}","templated":true}]}}