{"id":141,"date":"2025-07-30T14:55:39","date_gmt":"2025-07-30T12:55:39","guid":{"rendered":"https:\/\/www.murlasits.co.at\/www\/?page_id=141"},"modified":"2025-08-09T17:51:23","modified_gmt":"2025-08-09T15:51:23","slug":"und-mehr","status":"publish","type":"page","link":"https:\/\/www.murlasits.co.at\/www\/und-mehr\/","title":{"rendered":"&amp; mehr&#8230;"},"content":{"rendered":"\n<h2>\n\t\t\tTeppichreinigung &#038; Reparatur\t<\/h2>\n<h3>\n\t\t\tIndividuell abgestimmte Pflegeprogramme f\u00fcr die Reinigung Ihrer Teppiche\t<\/h3>\n<h3>\n\t\t\tab \u20ac 27,00 pro m\u00b2\t<\/h3>\n<h4>\n\t\t\t(Bei Bedarf auch Reparaturen m\u00f6glich)\t<\/h4>\n\t\t\t\t<img decoding=\"async\" src=\"https:\/\/www.murlasits.co.at\/www\/wp-content\/uploads\/2025\/08\/mehr-1.-Bild-Teppich.png\" alt=\"und mehr - Teppich\" itemprop=\"image\" height=\"1080\" width=\"1440\" title=\"mehr 1. Bild Teppich\" onerror=\"this.style.display='none'\" loading=\"lazy\" \/>\n\t\t\t\t<img decoding=\"async\" src=\"https:\/\/www.murlasits.co.at\/www\/wp-content\/uploads\/2025\/08\/mehr-2.-Bild-Leder.png\" alt=\"und mehr - Leder\" itemprop=\"image\" height=\"534\" width=\"800\" title=\"mehr 2. Bild Leder\" onerror=\"this.style.display='none'\" loading=\"lazy\" \/>\n<h2>\n\t\t\tReinigung von Leder- und Pelzbekleidung\t<\/h2>\n<h3>\n\t\t\tBei Bedarf reparieren wir auch fachgerecht Lederrisse, Br\u00fcche, Einfassungen, Rei\u00dfverschl\u00fcsse,&#8230;\t<\/h3>\n<h2>\n\t\t\tMotorradbekleidung\t<\/h2>\n<h3>\n\t\t\tWir reinigen und reparieren professionell Ihre Motorradbekleidung\t<\/h3>\n\t\t\t\t<img decoding=\"async\" src=\"https:\/\/www.murlasits.co.at\/www\/wp-content\/uploads\/2025\/08\/mehr-3.-Bild-Mottorradbekleidung.png\" alt=\"und mehr - Mottorradbekleidung\" itemprop=\"image\" height=\"960\" width=\"1440\" title=\"mehr 3. Bild Mottorradbekleidung\" onerror=\"this.style.display='none'\" loading=\"lazy\" \/>\n<h2>\n\t\t\tHaben Sie Fragen?\t<\/h2>\n<h3>\n\t\t\tGerne beraten wir Sie kostenlos &#038; unverbindlich\t<\/h3>\n\t\t\t<a href=\"https:\/\/www.murlasits.co.at\/www\/kontakt\/\" target=\"_self\">\n\t\t\t\t\t\tJetzt Anfragen\n\t\t\t\t\t<\/a>\n\n","protected":false},"excerpt":{"rendered":"<p>Teppichreinigung &#038; Reparatur Individuell abgestimmte Pflegeprogramme f\u00fcr die Reinigung Ihrer Teppiche ab \u20ac 27,00 pro m\u00b2 (Bei Bedarf auch Reparaturen m\u00f6glich) Reinigung von Leder- und Pelzbekleidung Bei Bedarf reparieren wir auch fachgerecht Lederrisse, Br\u00fcche, Einfassungen, Rei\u00dfverschl\u00fcsse,&#8230; Motorradbekleidung Wir reinigen und reparieren professionell Ihre Motorradbekleidung Haben Sie Fragen? Gerne beraten wir Sie kostenlos &#038; unverbindlich Jetzt&hellip;<\/p>\n","protected":false},"author":2,"featured_media":0,"parent":0,"menu_order":0,"comment_status":"closed","ping_status":"closed","template":"","meta":{"footnotes":""},"class_list":["post-141","page","type-page","status-publish","hentry"],"_links":{"self":[{"href":"https:\/\/www.murlasits.co.at\/www\/wp-json\/wp\/v2\/pages\/141","targetHints":{"allow":["GET"]}}],"collection":[{"href":"https:\/\/www.murlasits.co.at\/www\/wp-json\/wp\/v2\/pages"}],"about":[{"href":"https:\/\/www.murlasits.co.at\/www\/wp-json\/wp\/v2\/types\/page"}],"author":[{"embeddable":true,"href":"https:\/\/www.murlasits.co.at\/www\/wp-json\/wp\/v2\/users\/2"}],"replies":[{"embeddable":true,"href":"https:\/\/www.murlasits.co.at\/www\/wp-json\/wp\/v2\/comments?post=141"}],"version-history":[{"count":3,"href":"https:\/\/www.murlasits.co.at\/www\/wp-json\/wp\/v2\/pages\/141\/revisions"}],"predecessor-version":[{"id":391,"href":"https:\/\/www.murlasits.co.at\/www\/wp-json\/wp\/v2\/pages\/141\/revisions\/391"}],"wp:attachment":[{"href":"https:\/\/www.murlasits.co.at\/www\/wp-json\/wp\/v2\/media?parent=141"}],"curies":[{"name":"wp","href":"https:\/\/api.w.org\/{rel}","templated":true}]}}