{"id":143,"date":"2025-07-30T14:55:39","date_gmt":"2025-07-30T12:55:39","guid":{"rendered":"https:\/\/www.murlasits.co.at\/www\/?page_id=143"},"modified":"2025-08-11T10:44:47","modified_gmt":"2025-08-11T08:44:47","slug":"waeschetaxi","status":"publish","type":"page","link":"https:\/\/www.murlasits.co.at\/www\/waeschetaxi\/","title":{"rendered":"W\u00e4schetaxi"},"content":{"rendered":"\n\n\t\t\t\t<img decoding=\"async\" src=\"https:\/\/www.murlasits.co.at\/www\/wp-content\/uploads\/2025\/08\/Waeschetaxi-1.-Bild-Taxi.png\" alt=\"W\u00e4schetaxi\" itemprop=\"image\" height=\"960\" width=\"1440\" title=\"W\u00e4schetaxi 1. Bild Taxi\" onerror=\"this.style.display='none'\" loading=\"lazy\" \/>\n<h1>\n\t\t\tW\u00e4schetaxi\t<\/h1>\n\t<p><strong>Bequemer geht&#8217;s nicht &#8211; wir holen Ihre W\u00e4sche direkt ab!<\/strong><\/p>\nKeine Zeit f\u00fcr die Reinigung? Gro\u00dfe Teile schwer zu transportieren?<br \/>\nUnser <strong>kostenloser Abhol- und Bringservice<\/strong> ist die L\u00f6sung &#8211; speziell f\u00fcr vielbesch\u00e4ftigte, \u00e4ltere oder nicht mobile Kund:innen.\n<ul>\n<li>Erreichbar: <strong>Mo-Fr. von 8:00-12:00 Uhr<\/strong><\/li>\n<li><strong>Gratis ab \u20ac 50,-<\/strong> Reinigungswert (innerhalb Graz-Stadt)<\/li>\n<li>Darunter: Pauschale von \u20ac 14,-<\/li>\n<li>Einfach Zuhause oder im B\u00fcro bereit sein &#8211; bei erneutem Zustellversuch fallen \u20ac 5,- an<\/li>\n<\/ul>\n<p><strong>Wir machen&#8217;s Ihnen leicht &#8211; mit unserem W\u00c4SCHETAXI.<\/strong><\/p>\n\t<p>Telefonnummer: 0316 \/ 572 777 &#8211; 555<\/p>\n\t<p>Erreichbar Mo-Fr. 08:00-12:00 Uhr<\/p>\n\t\t\t<a href=\"tel:0043316572777555\" target=\"_self\">\n\t\t\t\t\t\tJetzt anrufen\n\t\t\t\t\t<\/a>\n<h2>\n\t\t\tHaben Sie Fragen?\t<\/h2>\n<h3>\n\t\t\tGerne beraten wir Sie kostenlos &#038; unverbindlich\t<\/h3>\n\t\t\t<a href=\"\/www\/kontakt\/\" target=\"_self\">\n\t\t\t\t\t\tJetzt Anfragen\n\t\t\t\t\t<\/a>\n\n","protected":false},"excerpt":{"rendered":"<p>W\u00e4schetaxi Bequemer geht&#8217;s nicht &#8211; wir holen Ihre W\u00e4sche direkt ab! Keine Zeit f\u00fcr die Reinigung? Gro\u00dfe Teile schwer zu transportieren? Unser kostenloser Abhol- und Bringservice ist die L\u00f6sung &#8211; speziell f\u00fcr vielbesch\u00e4ftigte, \u00e4ltere oder nicht mobile Kund:innen. Erreichbar: Mo-Fr. von 8:00-12:00 Uhr Gratis ab \u20ac 50,- Reinigungswert (innerhalb Graz-Stadt) Darunter: Pauschale von \u20ac 14,-&hellip;<\/p>\n","protected":false},"author":2,"featured_media":0,"parent":0,"menu_order":0,"comment_status":"closed","ping_status":"closed","template":"","meta":{"footnotes":""},"class_list":["post-143","page","type-page","status-publish","hentry"],"_links":{"self":[{"href":"https:\/\/www.murlasits.co.at\/www\/wp-json\/wp\/v2\/pages\/143","targetHints":{"allow":["GET"]}}],"collection":[{"href":"https:\/\/www.murlasits.co.at\/www\/wp-json\/wp\/v2\/pages"}],"about":[{"href":"https:\/\/www.murlasits.co.at\/www\/wp-json\/wp\/v2\/types\/page"}],"author":[{"embeddable":true,"href":"https:\/\/www.murlasits.co.at\/www\/wp-json\/wp\/v2\/users\/2"}],"replies":[{"embeddable":true,"href":"https:\/\/www.murlasits.co.at\/www\/wp-json\/wp\/v2\/comments?post=143"}],"version-history":[{"count":3,"href":"https:\/\/www.murlasits.co.at\/www\/wp-json\/wp\/v2\/pages\/143\/revisions"}],"predecessor-version":[{"id":392,"href":"https:\/\/www.murlasits.co.at\/www\/wp-json\/wp\/v2\/pages\/143\/revisions\/392"}],"wp:attachment":[{"href":"https:\/\/www.murlasits.co.at\/www\/wp-json\/wp\/v2\/media?parent=143"}],"curies":[{"name":"wp","href":"https:\/\/api.w.org\/{rel}","templated":true}]}}