{"id":186,"date":"2025-08-08T18:33:44","date_gmt":"2025-08-08T16:33:44","guid":{"rendered":"https:\/\/www.murlasits.co.at\/www\/?page_id=186"},"modified":"2025-08-12T10:38:11","modified_gmt":"2025-08-12T08:38:11","slug":"mode-nach-mass","status":"publish","type":"page","link":"https:\/\/www.murlasits.co.at\/www\/mode-nach-mass\/","title":{"rendered":"Mode nach Ma\u00df"},"content":{"rendered":"\n<h2>\n\t\t\tMode nach Ma\u00df\t<\/h2>\n<h3>\n\t\t\tExklusiv in der Filiale Andritz\t<\/h3>\n\t<p><strong>Hemden &amp; Blusen<\/strong> die so individuell sind wie Sie selbst<\/p>\n&#8211; ma\u00dfgenau<br \/>\n&#8211; aus feinsten Naturmaterialien<br \/>\n&#8211; gro\u00dfe Stoffauswahl\n\t\t\t<a href=\"\/www\/mode-nach-mass\" target=\"_self\">\n\t\t\t\t\t\t\tMehr erfahren\n\t\t\t\t\t<\/a>\n\t\t\t\t<img decoding=\"async\" src=\"https:\/\/www.murlasits.co.at\/www\/wp-content\/uploads\/2025\/07\/M-Mode-nach-Mass.png\" alt=\"Schneiderei Mode nach Ma\u00df\" itemprop=\"image\" height=\"1024\" width=\"1024\" title=\"M Mode nach Ma\u00df\" onerror=\"this.style.display='none'\" loading=\"lazy\" \/>\n\t\t\t\t<img decoding=\"async\" src=\"https:\/\/www.murlasits.co.at\/www\/wp-content\/uploads\/2025\/07\/Schneiderei-4.-Bild-T-Shirts.png\" alt=\"Schneiderei T-Shirt\" itemprop=\"image\" height=\"950\" width=\"1440\" title=\"Schneiderei 4. Bild T-Shirts\" onerror=\"this.style.display='none'\" loading=\"lazy\" \/>\n<h2>\n\t\t\tT-Shirts\t<\/h2>\n<h3>\n\t\t\tExklusiv in der Filiale Andritz\t<\/h3>\n\tIhr Shirt. Ihr Schnitt. Ihre Passform.<br \/>\nWeil perfekt nicht von der Stange kommt\n\t\t\t<a href=\"\/www\/mode-nach-mass\" target=\"_self\">\n\t\t\t\t\t\t\tMehr erfahren\n\t\t\t\t\t<\/a>\n<h2>\n\t\t\tMode nach Ma\u00df\t<\/h2>\n<h3>\n\t\t\tunterschiedlichste Kragenformen, Manschetten und Kn\u00f6pfe, die so besonders sind wie Sie selbst\t<\/h3>\n<h3>\n\t\t\tWir freuen uns auf Sie&#8230;\t<\/h3>\n\t\t\t\t<img decoding=\"async\" src=\"https:\/\/www.murlasits.co.at\/www\/wp-content\/uploads\/2025\/08\/Mode-nach-Mass-1.-Bild.png\" alt=\"Mode nach Ma\u00df Stoffauswahl\" itemprop=\"image\" height=\"506\" width=\"768\" title=\"Mode nach Ma\u00df 1. Bild\" onerror=\"this.style.display='none'\" loading=\"lazy\" \/>\n\t\t\t\t<img decoding=\"async\" src=\"https:\/\/www.murlasits.co.at\/www\/wp-content\/uploads\/2025\/08\/Mode-nach-Mass-2.-Bild-Massbluse-129.png\" alt=\"Mode nach Ma\u00df Ma\u00dfbluse 129\" itemprop=\"image\" height=\"1079\" width=\"1440\" title=\"Mode nach Ma\u00df 2. Bild Ma\u00dfbluse 129\" onerror=\"this.style.display='none'\" loading=\"lazy\" \/>\n\t\t\t\t<img decoding=\"async\" src=\"https:\/\/www.murlasits.co.at\/www\/wp-content\/uploads\/2025\/08\/Mode-nach-Mass-3.-Bild-Masshemd-129.png\" alt=\"Mode nach Ma\u00df Ma\u00dfhemd 129\" itemprop=\"image\" height=\"768\" width=\"1024\" title=\"Mode nach Ma\u00df 3. Bild Ma\u00dfhemd 129\" onerror=\"this.style.display='none'\" loading=\"lazy\" \/>\n\t\t\t\t<img decoding=\"async\" src=\"https:\/\/www.murlasits.co.at\/www\/wp-content\/uploads\/2025\/08\/Mode-nach-Mass-4.-Bild-Masshemd-79.png\" alt=\"Mode nach Ma\u00df Ma\u00dfhemd 79\" itemprop=\"image\" height=\"1080\" width=\"1440\" title=\"Mode nach Ma\u00df 4. Bild Ma\u00dfhemd 79\" onerror=\"this.style.display='none'\" loading=\"lazy\" \/>\n\t\t\t\t<img decoding=\"async\" src=\"https:\/\/www.murlasits.co.at\/www\/wp-content\/uploads\/2025\/08\/Mode-nach-Mass-5.-Bild-Massbluse-79.png\" alt=\"Mode nach Ma\u00df Ma\u00dfbluse 79\" itemprop=\"image\" height=\"1080\" width=\"1440\" title=\"Mode nach Ma\u00df 5. Bild Ma\u00dfbluse 79\" onerror=\"this.style.display='none'\" loading=\"lazy\" \/>\n<h2>\n\t\t\tNeugierig?\t<\/h2>\n\t\t\t<a href=\"\/www\/kontakt\/\" target=\"_self\">\n\t\t\t\t\t\t\tJetzt unverbindlich anfragen\n\t\t\t\t\t<\/a>\n\n","protected":false},"excerpt":{"rendered":"<p>Mode nach Ma\u00df Exklusiv in der Filiale Andritz Hemden &amp; Blusen die so individuell sind wie Sie selbst &#8211; ma\u00dfgenau &#8211; aus feinsten Naturmaterialien &#8211; gro\u00dfe Stoffauswahl Mehr erfahren T-Shirts Exklusiv in der Filiale Andritz Ihr Shirt. Ihr Schnitt. Ihre Passform. Weil perfekt nicht von der Stange kommt Mehr erfahren Mode nach Ma\u00df unterschiedlichste Kragenformen,&hellip;<\/p>\n","protected":false},"author":2,"featured_media":0,"parent":0,"menu_order":0,"comment_status":"closed","ping_status":"closed","template":"","meta":{"footnotes":""},"class_list":["post-186","page","type-page","status-publish","hentry"],"_links":{"self":[{"href":"https:\/\/www.murlasits.co.at\/www\/wp-json\/wp\/v2\/pages\/186","targetHints":{"allow":["GET"]}}],"collection":[{"href":"https:\/\/www.murlasits.co.at\/www\/wp-json\/wp\/v2\/pages"}],"about":[{"href":"https:\/\/www.murlasits.co.at\/www\/wp-json\/wp\/v2\/types\/page"}],"author":[{"embeddable":true,"href":"https:\/\/www.murlasits.co.at\/www\/wp-json\/wp\/v2\/users\/2"}],"replies":[{"embeddable":true,"href":"https:\/\/www.murlasits.co.at\/www\/wp-json\/wp\/v2\/comments?post=186"}],"version-history":[{"count":6,"href":"https:\/\/www.murlasits.co.at\/www\/wp-json\/wp\/v2\/pages\/186\/revisions"}],"predecessor-version":[{"id":401,"href":"https:\/\/www.murlasits.co.at\/www\/wp-json\/wp\/v2\/pages\/186\/revisions\/401"}],"wp:attachment":[{"href":"https:\/\/www.murlasits.co.at\/www\/wp-json\/wp\/v2\/media?parent=186"}],"curies":[{"name":"wp","href":"https:\/\/api.w.org\/{rel}","templated":true}]}}