{"id":272,"date":"2025-08-05T20:42:09","date_gmt":"2025-08-05T18:42:09","guid":{"rendered":"https:\/\/www.murlasits.co.at\/www\/?page_id=272"},"modified":"2025-09-07T12:36:12","modified_gmt":"2025-09-07T10:36:12","slug":"graz-hasnerplatz","status":"publish","type":"page","link":"https:\/\/www.murlasits.co.at\/www\/filialen\/graz-hasnerplatz\/","title":{"rendered":"Filiale Graz Hasnerplatz"},"content":{"rendered":"\n<h2>\n\t\t\tFiliale Graz Hasnerplatz\t<\/h2>\n\t<iframe src=\"https:\/\/www.google.com\/maps\/embed\/v1\/place?q=Textilreinigung+Murlasits+GmbH%2C+8010+Graz%2C+Theodor-K%C3%B6rner-Stra%C3%9Fe+47&#038;key=AIzaSyD09zQ9PNDNNy9TadMuzRV_UsPUoWKntt8\" aria-hidden=\"true\" title=\"Textilreinigung Murlasits GmbH, 8010 Graz, Theodor-K\u00f6rner-Stra\u00dfe 47\"><\/iframe>\n<h3>\n\t\t\tAdresse\t<\/h3>\n\tTheodor-K\u00f6rner-Stra\u00dfe 47<br \/>\n8010 Graz\n<h3>\n\t\t\tE-mail\t<\/h3>\n\t<p>info@murlasits.co.at<\/p>\n<h3>\n\t\t\tTelefon\t<\/h3>\n\t<p>0316 572 777 &#8211; 200<\/p>\n<h3>\n\t\t\t\u00d6ffnungszeiten\t<\/h3>\n\tMo. &#8211; Fr.: 08.00-18.00 Uhr<br \/>\nSa.: 08.00-12.00 Uhr\n<h1>\n\t\t\tKontaktformular\t<\/h1>\n\n","protected":false},"excerpt":{"rendered":"<p>Filiale Graz Hasnerplatz Adresse Theodor-K\u00f6rner-Stra\u00dfe 47 8010 Graz E-mail info@murlasits.co.at Telefon 0316 572 777 &#8211; 200 \u00d6ffnungszeiten Mo. &#8211; Fr.: 08.00-18.00 Uhr Sa.: 08.00-12.00 Uhr Kontaktformular<\/p>\n","protected":false},"author":2,"featured_media":0,"parent":258,"menu_order":0,"comment_status":"closed","ping_status":"closed","template":"","meta":{"footnotes":""},"class_list":["post-272","page","type-page","status-publish","hentry"],"_links":{"self":[{"href":"https:\/\/www.murlasits.co.at\/www\/wp-json\/wp\/v2\/pages\/272","targetHints":{"allow":["GET"]}}],"collection":[{"href":"https:\/\/www.murlasits.co.at\/www\/wp-json\/wp\/v2\/pages"}],"about":[{"href":"https:\/\/www.murlasits.co.at\/www\/wp-json\/wp\/v2\/types\/page"}],"author":[{"embeddable":true,"href":"https:\/\/www.murlasits.co.at\/www\/wp-json\/wp\/v2\/users\/2"}],"replies":[{"embeddable":true,"href":"https:\/\/www.murlasits.co.at\/www\/wp-json\/wp\/v2\/comments?post=272"}],"version-history":[{"count":4,"href":"https:\/\/www.murlasits.co.at\/www\/wp-json\/wp\/v2\/pages\/272\/revisions"}],"predecessor-version":[{"id":631,"href":"https:\/\/www.murlasits.co.at\/www\/wp-json\/wp\/v2\/pages\/272\/revisions\/631"}],"up":[{"embeddable":true,"href":"https:\/\/www.murlasits.co.at\/www\/wp-json\/wp\/v2\/pages\/258"}],"wp:attachment":[{"href":"https:\/\/www.murlasits.co.at\/www\/wp-json\/wp\/v2\/media?parent=272"}],"curies":[{"name":"wp","href":"https:\/\/api.w.org\/{rel}","templated":true}]}}