{"id":325,"date":"2025-08-05T21:37:43","date_gmt":"2025-08-05T19:37:43","guid":{"rendered":"https:\/\/www.murlasits.co.at\/www\/?page_id=325"},"modified":"2026-01-05T13:57:23","modified_gmt":"2026-01-05T12:57:23","slug":"premiumkunde","status":"publish","type":"page","link":"https:\/\/www.murlasits.co.at\/www\/premiumkunde\/","title":{"rendered":"Premiumkunde"},"content":{"rendered":"\n<h2>\n\t\t\tSch\u00f6n, dass Sie da sind!\t<\/h2>\n\t<p>Wir freuen uns, Sie als Premium Kunde in der Murlasits Familie begr\u00fc\u00dfen zu d\u00fcrfen. Mit Ihrer Mitgliedschaft erhalten Sie regelm\u00e4\u00dfig Informationen \u00fcber Neues in der Textilreinigung und Schneiderei, Angebote und Aktionen.<\/p>\n<p>Einfach auf den folgenden Link klicken, Formular ausf\u00fcllen, als Premiumkunde registrieren und schon bei Ihrem n\u00e4chsten Besuch \u20ac 5,- sparen.<\/p>\n\t\t\t<a href=\"\/www\/premiumkunde\/premiumkunde-werden\/\" target=\"_self\">\n\t\t\t\t\t\t\tJetzt Premiumkunde werden\n\t\t\t\t\t<\/a>\n\n","protected":false},"excerpt":{"rendered":"<p>Sch\u00f6n, dass Sie da sind! Wir freuen uns, Sie als Premium Kunde in der Murlasits Familie begr\u00fc\u00dfen zu d\u00fcrfen. Mit Ihrer Mitgliedschaft erhalten Sie regelm\u00e4\u00dfig Informationen \u00fcber Neues in der Textilreinigung und Schneiderei, Angebote und Aktionen. Einfach auf den folgenden Link klicken, Formular ausf\u00fcllen, als Premiumkunde registrieren und schon bei Ihrem n\u00e4chsten Besuch \u20ac 5,-&hellip;<\/p>\n","protected":false},"author":2,"featured_media":0,"parent":0,"menu_order":0,"comment_status":"closed","ping_status":"closed","template":"","meta":{"footnotes":""},"class_list":["post-325","page","type-page","status-publish","hentry"],"_links":{"self":[{"href":"https:\/\/www.murlasits.co.at\/www\/wp-json\/wp\/v2\/pages\/325","targetHints":{"allow":["GET"]}}],"collection":[{"href":"https:\/\/www.murlasits.co.at\/www\/wp-json\/wp\/v2\/pages"}],"about":[{"href":"https:\/\/www.murlasits.co.at\/www\/wp-json\/wp\/v2\/types\/page"}],"author":[{"embeddable":true,"href":"https:\/\/www.murlasits.co.at\/www\/wp-json\/wp\/v2\/users\/2"}],"replies":[{"embeddable":true,"href":"https:\/\/www.murlasits.co.at\/www\/wp-json\/wp\/v2\/comments?post=325"}],"version-history":[{"count":4,"href":"https:\/\/www.murlasits.co.at\/www\/wp-json\/wp\/v2\/pages\/325\/revisions"}],"predecessor-version":[{"id":656,"href":"https:\/\/www.murlasits.co.at\/www\/wp-json\/wp\/v2\/pages\/325\/revisions\/656"}],"wp:attachment":[{"href":"https:\/\/www.murlasits.co.at\/www\/wp-json\/wp\/v2\/media?parent=325"}],"curies":[{"name":"wp","href":"https:\/\/api.w.org\/{rel}","templated":true}]}}