{"id":549,"date":"2025-08-13T09:15:23","date_gmt":"2025-08-13T07:15:23","guid":{"rendered":"https:\/\/www.murlasits.co.at\/www\/?page_id=549"},"modified":"2025-08-13T09:16:37","modified_gmt":"2025-08-13T07:16:37","slug":"agb","status":"publish","type":"page","link":"https:\/\/www.murlasits.co.at\/www\/agb\/","title":{"rendered":"Allgemeine Gesch\u00e4ftsbedingungen"},"content":{"rendered":"\n<h1>\n\t\t\tAllgemeine Gesch\u00e4ftsbedingungen\t<\/h1>\n\t<ol>\n<li>Ausf\u00fchrung: Der Unternehmer erkl\u00e4rt, dass die zum Waschen, Chemisch reinigen, F\u00e4rben, B\u00fcgeln, Spannen usw. \u00fcbernommenen Gegenst\u00e4nde fachgem\u00e4\u00df und mit gro\u00dfer Sorgfalt bearbeitet werden. Die Art der Behandlung bleibt der fachm\u00e4nnischen Beurteilung des Unternehmens \u00fcberlassen. Hat der Unternehmer den Kunden individuell zus\u00e4tzlich zu den allgemeinen in Punkt 2) aufgez\u00e4hlten Besch\u00e4digungsgefahren, ins besonders auf die Gefahr bestimmter Sch\u00e4den bei Bearbeitung der \u00fcbernommenen Gegenst\u00e4nde hingewiesen und die Befreiung von der Haftung f\u00fcr Sch\u00e4den an allen zur Bearbeitung \u00fcbernehmenden Gegenst\u00e4nden vereinbart und sich dies schriftlich best\u00e4tigen lassen, so wird er &#8211; au\u00dfer bei grober Fahrl\u00e4ssigkeit oder Vorsatz &#8211; von der Haftung f\u00fcr die Besch\u00e4digung frei.<\/li>\n<li>Auch bei gr\u00f6\u00dfter Sorgfalt und fachgem\u00e4\u00dfer Bearbeitung der Gegenst\u00e4nde kann es zu Besch\u00e4digungen kommen, wobei sich herausstellen kann, dass daran dem Unternehmer kein Verschulden und damit auch keine Schadenshaftung trifft. Auf folgende M\u00f6glichkeiten der Besch\u00e4digung wird insbesondere hingewiesen:\n<ol>\n<li>M\u00e4ngel der bearbeiteten Gegenst\u00e4nde, die erst w\u00e4hrend der Bearbeitung hervorkommen und in der Beschaffenheit der Gegenst\u00e4nde begr\u00fcndet sind, wie ungen\u00fcgende Echtheit der Farbe u. dgl.,<\/li>\n<li>Einlaufen von Gegenst\u00e4nden, sofern keine Fasersch\u00e4digung eingetreten ist,<\/li>\n<li>Gegenst\u00e4nde, die eine falsche Textilpflegekennzeichnung tragen und bei denen durch Inaugenscheinnahme und einfache Proben nicht die entsprechende richtige Reinigungsart festgestellt werden kann,<\/li>\n<li>Hervorkommen von Flecken und das Aufl\u00f6sen geklebter Stellen,<\/li>\n<li>Besch\u00e4digen oder Eingehen von Kragen und Manschetten bei Hemden und Blusen, welche aus nicht w\u00e4schereigerechtem Material hergestellt sind,<\/li>\n<li>Kn\u00f6pfe, Schnallen, Rei\u00dfverschl\u00fcsse und \u00e4hnliches Zubeh\u00f6r aus nicht reinigungsbest\u00e4ndigem Material,<\/li>\n<li>Rei\u00dfen von zu d\u00fcnn geschliffenem Leder,<\/li>\n<li>Hervortreten von insbesondere kaschierten Vernarbungen und Verletzungen des Leders,<\/li>\n<li>Einsprung und Faltenbildung durch \u00dcberspannung des Leders.<\/li>\n<\/ol>\n<\/li>\n<li>Beim F\u00e4rben wird der Wunsch des Kunden, der eine bestimmte Art der Ausf\u00fchrung bevorzugt nach M\u00f6glichkeit ber\u00fccksichtigt. Eine v\u00f6llige \u00dcbereinstimmung mit den Farbmustern ist jedoch technisch nicht m\u00f6glich und kann daher daf\u00fcr keine Gew\u00e4hr \u00fcbernommen werden<\/li>\n<li>Verlust des Reinigungsgutes: Schadenersatzanspr\u00fcche aus dem Verlust k\u00f6nnen erst dann gestellt werden, wenn die Lieferfrist\/Abholfrist um mehr als 5 Wochen \u00fcberschritten wird. Sofern gesetzlich zul\u00e4ssig, wird f\u00fcr andere als Personensch\u00e4den nur bei grober Fahrl\u00e4ssigkeit oder Vorsatz gehaftet.<\/li>\n<li>Reklamationen bei Unternehmenskunden: Allf\u00e4llige Beanstandungen k\u00f6nnen innerhalb von 5 Werktagen geltend gemacht werden. Dies hat im eigenen Interesse ehestm\u00f6glich und zwingend vor Entfernung des Merkzeichens und bevor der betreffende Gegenstand getragen, benutzt oder bearbeitet wurde, zu erfolgen. Reklamationen bei Konsumenten: Allf\u00e4llige Beanstandungen sind &#8211; im eigenen Interesse &#8211; m\u00f6glichst umgehend geltend zu machen. Aus Beweisgr\u00fcnden sollten dies vor Entfernung des Merkzeichens und bevor der betreffende Gegenstand getragen, benutzt oder bearbeitet wurde, erfolgen.<\/li>\n<li>Schadenersatz bei Verlust oder irreparabler Besch\u00e4digung: Bei Verlust oder Besch\u00e4digung wird bei Vorliegen eines Anschaffungspreisbeleges der gemeine Wert des Gegenstandes im Zustand der \u00dcbergabe verg\u00fctet, jedoch, mit Ausnahme grober Fahrl\u00e4ssigkeit und Vorsatz, nur bis zum Maximalwert der f\u00fcnffachen Reinigungskosten. F\u00fcr den Gemeinwert werden jeweils vom Neuwert f\u00fcr das 1. Jahr 30%, f\u00fcr das 2. Jahr weitere 20%, f\u00fcr das 3. Jahr weitere 10% und f\u00fcr das 4. Jahr weitere 10% abgesetzt. Ab dem 5. Jahr werden aus Kulanzgr\u00fcnden keine weiteren Abz\u00fcge berechnet. Sofern kein Anschaffungspreisbeleg vorgelegt werden kann, sind m\u00f6glichst Zeitpunkt des Kaufes und Verkaufsfirma bekanntzugeben. Dem Kunden steht es frei, die H\u00f6he des Schadens anders bzw. einen h\u00f6heren Schaden zu beweisen. Der Gegenstand geht nach Ersatz des Schadens ins Eigentum des Unternehmens \u00fcber.<\/li>\n<li>Abholung: Die \u00fcbernommenen Waren sind sp\u00e4testens innerhalb von 6 Monaten, gerechnet vom Tag der \u00dcbernahme, abzuholen. Bei Nichtabholen der Ware ist der Unternehmer berechtigt, diese nach 6 Monaten zu verwerten und den Erl\u00f6s mit Putzlohn und Lagerungskosten (laut Aushang\/Preisliste) aufzurechnen. Die Lagerung der Textilien ist im 1. Monat kostenlos, danach werden je 5% der Reinigungskosten pro angefangenen Monat zus\u00e4tzlich verrechnet.<\/li>\n<li>\u00dcbergabe: Die \u00dcbergabe der Ware erfolgt nur gegen R\u00fcckgabe des \u00dcbernahmescheines und erfolgter Bezahlung. Kann der \u00dcbernahmeschein nicht vorgelegt werden, wird die Ware nur gegen Ausweisleistung ausgefolgt.<\/li>\n<\/ol>\n<p>Stand: April 2025<\/p>\n<h2>\n\t\t\tHaftungsausschluss\t<\/h2>\n\t<p>keine Haftung&#8230;<\/p>\n<ul>\n<li>bei Besch\u00e4digungen von Kn\u00f6pfen und Schnallen<\/li>\n<li>Schaumgummipolstern<\/li>\n<li>Rei\u00dfverschl\u00fcssen<\/li>\n<li>Rei\u00dfverschl\u00fcssen mit Anh\u00e4ngern oder Haken<\/li>\n<li>Leder- und Kunstlederbesatz<\/li>\n<li>Skai-Floor<\/li>\n<li>Pailletten<\/li>\n<li>aufgen\u00e4hten Dekorelementen<\/li>\n<li>und anderen Verzierungen an Ihren Kleidungsst\u00fccken<\/li>\n<\/ul>\n<p>Keine Haftung im Falle bei Besch\u00e4digungsgefahren, speziell bei Gefahr bestimmter Sch\u00e4den durch Putzen, F\u00e4rben oder Waschen, auf die wir aufmerksam machen, insbesondere bei fehlender oder falscher Pflegekennzeichnung.<\/p>\n<p>Die ausgeh\u00e4ngten \u201eAllgemeinen Gesch\u00e4ftsbedingungen&#8220; sind als Grundlage unserer Dienstleistung f\u00fcr unsere Kunden bindend.<\/p>\n<p>Wir danken f\u00fcr Ihr Verst\u00e4ndnis!<\/p>\n\n","protected":false},"excerpt":{"rendered":"<p>Allgemeine Gesch\u00e4ftsbedingungen Ausf\u00fchrung: Der Unternehmer erkl\u00e4rt, dass die zum Waschen, Chemisch reinigen, F\u00e4rben, B\u00fcgeln, Spannen usw. \u00fcbernommenen Gegenst\u00e4nde fachgem\u00e4\u00df und mit gro\u00dfer Sorgfalt bearbeitet werden. Die Art der Behandlung bleibt der fachm\u00e4nnischen Beurteilung des Unternehmens \u00fcberlassen. Hat der Unternehmer den Kunden individuell zus\u00e4tzlich zu den allgemeinen in Punkt 2) aufgez\u00e4hlten Besch\u00e4digungsgefahren, ins besonders auf die&hellip;<\/p>\n","protected":false},"author":2,"featured_media":0,"parent":0,"menu_order":0,"comment_status":"closed","ping_status":"closed","template":"","meta":{"footnotes":""},"class_list":["post-549","page","type-page","status-publish","hentry"],"_links":{"self":[{"href":"https:\/\/www.murlasits.co.at\/www\/wp-json\/wp\/v2\/pages\/549","targetHints":{"allow":["GET"]}}],"collection":[{"href":"https:\/\/www.murlasits.co.at\/www\/wp-json\/wp\/v2\/pages"}],"about":[{"href":"https:\/\/www.murlasits.co.at\/www\/wp-json\/wp\/v2\/types\/page"}],"author":[{"embeddable":true,"href":"https:\/\/www.murlasits.co.at\/www\/wp-json\/wp\/v2\/users\/2"}],"replies":[{"embeddable":true,"href":"https:\/\/www.murlasits.co.at\/www\/wp-json\/wp\/v2\/comments?post=549"}],"version-history":[{"count":3,"href":"https:\/\/www.murlasits.co.at\/www\/wp-json\/wp\/v2\/pages\/549\/revisions"}],"predecessor-version":[{"id":553,"href":"https:\/\/www.murlasits.co.at\/www\/wp-json\/wp\/v2\/pages\/549\/revisions\/553"}],"wp:attachment":[{"href":"https:\/\/www.murlasits.co.at\/www\/wp-json\/wp\/v2\/media?parent=549"}],"curies":[{"name":"wp","href":"https:\/\/api.w.org\/{rel}","templated":true}]}}